



{"id":9859,"date":"2019-03-13T15:08:52","date_gmt":"2019-03-13T20:08:52","guid":{"rendered":"https:\/\/metro-family.local\/?page_id=9859"},"modified":"2024-08-05T18:52:29","modified_gmt":"2024-08-05T23:52:29","slug":"fssofmfsd","status":"publish","type":"page","link":"https:\/\/www.metrofamily.org\/es\/fssofmfsd\/","title":{"rendered":"Servicio de Acogida Familiar"},"content":{"rendered":"<div id=\"pl-9859\"  class=\"panel-layout\" ><div id=\"pg-9859-0\"  class=\"panel-grid panel-has-style\" ><div class=\"siteorigin-panels-stretch panel-row-style panel-row-style-for-9859-0\" data-stretch-type=\"full\" ><div id=\"pgc-9859-0-0\"  class=\"panel-grid-cell\" ><div id=\"panel-9859-0-0-0\" class=\"so-panel widget widget_sow-editor panel-first-child\" data-index=\"0\" ><div class=\"panel-widget-style panel-widget-style-for-9859-0-0-0\" ><div\n\t\t\t\n\t\t\tclass=\"so-widget-sow-editor so-widget-sow-editor-base\"\n\t\t\t\n\t\t>\n<div class=\"siteorigin-widget-tinymce textwidget\">\n\t<h2 style=\"text-align: center;\"><em><strong><span style=\"color: #f8981d;\"><span style=\"color: #333333;\">Todos los servicios de violencia dom\u00e9stica -incluida la asistencia con \u00f3rdenes de protecci\u00f3n y nuestra l\u00ednea directa de violencia dom\u00e9stica- est\u00e1n abiertos y permanecer\u00e1n abiertos.\u00a0<\/span><br \/>\nLlame a la l\u00ednea de atenci\u00f3n telef\u00f3nica 24 horas al d\u00eda, 7 d\u00edas a la semana, al (630) 469-5650 para obtener ayuda.<\/span><\/strong><\/em><\/h2>\n<\/div>\n<\/div><\/div><\/div><div id=\"panel-9859-0-0-1\" class=\"so-panel widget widget_sow-slider panel-last-child\" data-index=\"1\" ><div class=\"panel-widget-style panel-widget-style-for-9859-0-0-1\" ><div\n\t\t\t\n\t\t\tclass=\"so-widget-sow-slider so-widget-sow-slider-default-c185e7bbf0fa-9859\"\n\t\t\t\n\t\t>\t\t\t\t<div class=\"sow-slider-base\" style=\"display: none\" tabindex=\"0\">\n\t\t\t\t\t<ul\n\t\t\t\t\tclass=\"sow-slider-images\"\n\t\t\t\t\tdata-settings=\"{&quot;pagination&quot;:true,&quot;speed&quot;:500,&quot;timeout&quot;:5000,&quot;paused&quot;:false,&quot;pause_on_hover&quot;:false,&quot;swipe&quot;:true,&quot;nav_always_show_desktop&quot;:&quot;&quot;,&quot;nav_always_show_mobile&quot;:&quot;&quot;,&quot;breakpoint&quot;:&quot;780px&quot;,&quot;unmute&quot;:false,&quot;anchor&quot;:null}\"\n\t\t\t\t\t\t\t\t\t\tdata-anchor-id=\"\"\n\t\t\t\t>\t\t<li class=\"sow-slider-image\" style=\"visibility: visible;;cursor: pointer;\" data-url=\"{&quot;url&quot;:&quot;https:\\\/\\\/www.metrofamily.org\\\/FSSofMFSD\\\/&quot;,&quot;new_window&quot;:false}\" >\n\t\t\t\t\t\t<div class=\"sow-slider-image-container\">\n\t\t\t\t<div class=\"sow-slider-image-wrapper\" style=\"max-width: 2133px\">\n\t\t\t\t\t\t\t\t\t\t\t<a href=\"https:\/\/www.metrofamily.org\/es\/FSSofMFSD\/\"\n\t\t\t\t\t\t>\n\t\t\t\t\t\t\t\t\t\t<div class=\"sow-slider-image-foreground-wrapper\">\n\t\t\t\t\t\t<img loading=\"lazy\" decoding=\"async\" width=\"2133\" height=\"572\" src=\"https:\/\/www.metrofamily.org\/wp-content\/uploads\/2019\/05\/FSS_19_0003_General_FSS.jpg\" class=\"sow-slider-foreground-image\" alt=\"\" style=\"\" srcset=\"https:\/\/www.metrofamily.org\/wp-content\/uploads\/2019\/05\/FSS_19_0003_General_FSS.jpg 2133w, https:\/\/www.metrofamily.org\/wp-content\/uploads\/2019\/05\/FSS_19_0003_General_FSS-768x206.jpg 768w\" sizes=\"auto, (max-width: 2133px) 100vw, 2133px\" \/>\t\t\t\t\t<\/div>\n\t\t\t\t\t\t\t\t\t\t\t<\/a>\n\t\t\t\t\t\t\t\t\t<\/div>\n\t\t\t<\/div>\n\t\t\t\t\t<\/li>\n\t\t\t\t<li class=\"sow-slider-image\" style=\"visibility: hidden;;cursor: pointer;\" data-url=\"{&quot;url&quot;:&quot;https:\\\/\\\/www.metrofamily.org\\\/fssofmfsd\\\/get-involved\\\/&quot;,&quot;new_window&quot;:false}\" >\n\t\t\t\t\t\t<div class=\"sow-slider-image-container\">\n\t\t\t\t<div class=\"sow-slider-image-wrapper\" style=\"max-width: 2133px\">\n\t\t\t\t\t\t\t\t\t\t\t<a href=\"https:\/\/www.metrofamily.org\/es\/fssofmfsd\/get-involved\/\"\n\t\t\t\t\t\t>\n\t\t\t\t\t\t\t\t\t\t<div class=\"sow-slider-image-foreground-wrapper\">\n\t\t\t\t\t\t<img loading=\"lazy\" decoding=\"async\" width=\"2133\" height=\"572\" src=\"https:\/\/www.metrofamily.org\/wp-content\/uploads\/2019\/05\/FSS_19_0004_Get_Involved.jpg\" class=\"sow-slider-foreground-image\" alt=\"\" style=\"\" srcset=\"https:\/\/www.metrofamily.org\/wp-content\/uploads\/2019\/05\/FSS_19_0004_Get_Involved.jpg 2133w, https:\/\/www.metrofamily.org\/wp-content\/uploads\/2019\/05\/FSS_19_0004_Get_Involved-768x206.jpg 768w\" sizes=\"auto, (max-width: 2133px) 100vw, 2133px\" \/>\t\t\t\t\t<\/div>\n\t\t\t\t\t\t\t\t\t\t\t<\/a>\n\t\t\t\t\t\t\t\t\t<\/div>\n\t\t\t<\/div>\n\t\t\t\t\t<\/li>\n\t\t\t\t<li class=\"sow-slider-image\" style=\"visibility: hidden;;cursor: pointer;\" data-url=\"{&quot;url&quot;:&quot;https:\\\/\\\/www.metrofamily.org\\\/fssofmfsd\\\/get-help\\\/&quot;,&quot;new_window&quot;:false}\" >\n\t\t\t\t\t\t<div class=\"sow-slider-image-container\">\n\t\t\t\t<div class=\"sow-slider-image-wrapper\" style=\"max-width: 2133px\">\n\t\t\t\t\t\t\t\t\t\t\t<a href=\"https:\/\/www.metrofamily.org\/es\/fssofmfsd\/get-help\/\"\n\t\t\t\t\t\t>\n\t\t\t\t\t\t\t\t\t\t<div class=\"sow-slider-image-foreground-wrapper\">\n\t\t\t\t\t\t<img loading=\"lazy\" decoding=\"async\" width=\"2133\" height=\"572\" src=\"https:\/\/www.metrofamily.org\/wp-content\/uploads\/2019\/05\/FSS_19_0005_Protect_Yourself_final.jpg\" class=\"sow-slider-foreground-image\" alt=\"\" style=\"\" srcset=\"https:\/\/www.metrofamily.org\/wp-content\/uploads\/2019\/05\/FSS_19_0005_Protect_Yourself_final.jpg 2133w, https:\/\/www.metrofamily.org\/wp-content\/uploads\/2019\/05\/FSS_19_0005_Protect_Yourself_final-768x206.jpg 768w\" sizes=\"auto, (max-width: 2133px) 100vw, 2133px\" \/>\t\t\t\t\t<\/div>\n\t\t\t\t\t\t\t\t\t\t\t<\/a>\n\t\t\t\t\t\t\t\t\t<\/div>\n\t\t\t<\/div>\n\t\t\t\t\t<\/li>\n\t\t<\/ul>\t\t\t\t<ol class=\"sow-slider-pagination\">\n\t\t\t\t\t\t\t\t\t\t\t<li><a href=\"#\" data-goto=\"0\" aria-label=\"Display slide 1\"><\/a><\/li>\n\t\t\t\t\t\t\t\t\t\t\t<li><a href=\"#\" data-goto=\"1\" aria-label=\"Display slide 2\"><\/a><\/li>\n\t\t\t\t\t\t\t\t\t\t\t<li><a href=\"#\" data-goto=\"2\" aria-label=\"Display slide 3\"><\/a><\/li>\n\t\t\t\t\t\t\t\t\t<\/ol>\n\n\t\t\t\t<div class=\"sow-slide-nav sow-slide-nav-next\">\n\t\t\t\t\t<a href=\"#\" data-goto=\"next\" aria-label=\"Next slide\" data-action=\"next\">\n\t\t\t\t\t\t<em class=\"sow-sld-icon-medium-right\"><\/em>\n\t\t\t\t\t<\/a>\n\t\t\t\t<\/div>\n\n\t\t\t\t<div class=\"sow-slide-nav sow-slide-nav-prev\">\n\t\t\t\t\t<a href=\"#\" data-goto=\"previous\" aria-label=\"Previous slide\" data-action=\"prev\">\n\t\t\t\t\t\t<em class=\"sow-sld-icon-medium-left\"><\/em>\n\t\t\t\t\t<\/a>\n\t\t\t\t<\/div>\n\t\t\t\t<\/div><\/div><\/div><\/div><\/div><\/div><\/div><div id=\"pg-9859-1\"  class=\"panel-grid panel-no-style\" ><div id=\"pgc-9859-1-0\"  class=\"panel-grid-cell\" ><div id=\"panel-9859-1-0-0\" class=\"so-panel widget widget_sow-editor panel-first-child panel-last-child\" data-index=\"2\" ><div class=\"panel-widget-style panel-widget-style-for-9859-1-0-0\" ><div\n\t\t\t\n\t\t\tclass=\"so-widget-sow-editor so-widget-sow-editor-base\"\n\t\t\t\n\t\t>\n<div class=\"siteorigin-widget-tinymce textwidget\">\n\t<a href=\"https:\/\/www.metrofamily.org\/es\/fssofmfsd\/get-help\/\"><img loading=\"lazy\" decoding=\"async\" class=\"alignnone wp-image-10231 size-full\" src=\"https:\/\/www.metrofamily.org\/wp-content\/uploads\/2019\/03\/button_get-help.png\" alt=\"\" width=\"500\" height=\"122\" \/><\/a>\n<\/div>\n<\/div><\/div><\/div><\/div><div id=\"pgc-9859-1-1\"  class=\"panel-grid-cell\" ><div id=\"panel-9859-1-1-0\" class=\"so-panel widget widget_sow-editor panel-first-child panel-last-child\" data-index=\"3\" ><div class=\"panel-widget-style panel-widget-style-for-9859-1-1-0\" ><div\n\t\t\t\n\t\t\tclass=\"so-widget-sow-editor so-widget-sow-editor-base\"\n\t\t\t\n\t\t>\n<div class=\"siteorigin-widget-tinymce textwidget\">\n\t<a href=\"https:\/\/www.metrofamily.org\/es\/legal-aid\/get-involved\/\"><\/a><a href=\"https:\/\/www.metrofamily.org\/es\/fssofmfsd\/get-involved\/\"><img loading=\"lazy\" decoding=\"async\" src=\"https:\/\/www.metrofamily.org\/wp-content\/uploads\/2019\/03\/button_get-involved.png\" alt=\"\" width=\"500\" height=\"122\" class=\"alignnone size-full wp-image-8265\" \/><\/a>\n<\/div>\n<\/div><\/div><\/div><\/div><\/div><div id=\"pg-9859-2\"  class=\"panel-grid panel-has-style\" ><div class=\"panel-row-style panel-row-style-for-9859-2\" ><div id=\"pgc-9859-2-0\"  class=\"panel-grid-cell\" ><div id=\"panel-9859-2-0-0\" class=\"so-panel widget widget_sow-image panel-first-child panel-last-child\" data-index=\"4\" ><div\n\t\t\t\n\t\t\tclass=\"so-widget-sow-image so-widget-sow-image-default-c67d20f9f743-9859\"\n\t\t\t\n\t\t>\n<div class=\"sow-image-container\">\n\t\t\t<a href=\"https:\/\/www.metrofamily.org\/es\/fssofmfsd\/protect-yourself\/\"\n\t\t\t\t\t>\n\t\t\t<img \n\tsrc=\"https:\/\/www.metrofamily.org\/wp-content\/uploads\/2019\/03\/FSS_Home_banner_protect-yourself.jpg\" width=\"250\" height=\"250\" srcset=\"https:\/\/www.metrofamily.org\/wp-content\/uploads\/2019\/03\/FSS_Home_banner_protect-yourself.jpg 250w, https:\/\/www.metrofamily.org\/wp-content\/uploads\/2019\/03\/FSS_Home_banner_protect-yourself-150x150.jpg 150w\" sizes=\"(max-width: 250px) 100vw, 250px\" alt=\"\" \t\tclass=\"so-widget-image\"\/>\n\t\t\t<\/a><\/div>\n\n<\/div><\/div><\/div><div id=\"pgc-9859-2-1\"  class=\"panel-grid-cell\" ><div id=\"panel-9859-2-1-0\" class=\"so-panel widget widget_sow-image panel-first-child panel-last-child\" data-index=\"5\" ><div\n\t\t\t\n\t\t\tclass=\"so-widget-sow-image so-widget-sow-image-default-c67d20f9f743-9859\"\n\t\t\t\n\t\t>\n<div class=\"sow-image-container\">\n\t\t\t<a href=\"https:\/\/www.metrofamily.org\/es\/fssofmfsd\/get-help\/\"\n\t\t\t\t\t>\n\t\t\t<img \n\tsrc=\"https:\/\/www.metrofamily.org\/wp-content\/uploads\/2019\/03\/FSS_Home_banner_get-help.jpg\" width=\"250\" height=\"250\" srcset=\"https:\/\/www.metrofamily.org\/wp-content\/uploads\/2019\/03\/FSS_Home_banner_get-help.jpg 250w, https:\/\/www.metrofamily.org\/wp-content\/uploads\/2019\/03\/FSS_Home_banner_get-help-150x150.jpg 150w\" sizes=\"(max-width: 250px) 100vw, 250px\" alt=\"\" \t\tclass=\"so-widget-image\"\/>\n\t\t\t<\/a><\/div>\n\n<\/div><\/div><\/div><div id=\"pgc-9859-2-2\"  class=\"panel-grid-cell\" ><div id=\"panel-9859-2-2-0\" class=\"so-panel widget widget_sow-image panel-first-child panel-last-child\" data-index=\"6\" ><div\n\t\t\t\n\t\t\tclass=\"so-widget-sow-image so-widget-sow-image-default-c67d20f9f743-9859\"\n\t\t\t\n\t\t>\n<div class=\"sow-image-container\">\n\t\t\t<a href=\"https:\/\/www.metrofamily.org\/es\/fssofmfsd\/get-involved\/\"\n\t\t\t\t\t>\n\t\t\t<img \n\tsrc=\"https:\/\/www.metrofamily.org\/wp-content\/uploads\/2019\/03\/FSS_Home_banner_get-involved.jpg\" width=\"250\" height=\"250\" srcset=\"https:\/\/www.metrofamily.org\/wp-content\/uploads\/2019\/03\/FSS_Home_banner_get-involved.jpg 250w, https:\/\/www.metrofamily.org\/wp-content\/uploads\/2019\/03\/FSS_Home_banner_get-involved-150x150.jpg 150w\" sizes=\"(max-width: 250px) 100vw, 250px\" alt=\"\" \t\tclass=\"so-widget-image\"\/>\n\t\t\t<\/a><\/div>\n\n<\/div><\/div><\/div><div id=\"pgc-9859-2-3\"  class=\"panel-grid-cell\" ><div id=\"panel-9859-2-3-0\" class=\"so-panel widget widget_sow-image panel-first-child panel-last-child\" data-index=\"7\" ><div\n\t\t\t\n\t\t\tclass=\"so-widget-sow-image so-widget-sow-image-default-c67d20f9f743-9859\"\n\t\t\t\n\t\t>\n<div class=\"sow-image-container\">\n\t\t\t<a href=\"https:\/\/www.metrofamily.org\/es\/events\/dupage-gala\/\"\n\t\t\t\t\t>\n\t\t\t<img \n\tsrc=\"https:\/\/www.metrofamily.org\/wp-content\/uploads\/2019\/09\/FSS_Home_banner_events_holiday-shoppe.jpg\" width=\"250\" height=\"250\" srcset=\"https:\/\/www.metrofamily.org\/wp-content\/uploads\/2019\/09\/FSS_Home_banner_events_holiday-shoppe.jpg 250w, https:\/\/www.metrofamily.org\/wp-content\/uploads\/2019\/09\/FSS_Home_banner_events_holiday-shoppe-150x150.jpg 150w\" sizes=\"(max-width: 250px) 100vw, 250px\" alt=\"\" \t\tclass=\"so-widget-image\"\/>\n\t\t\t<\/a><\/div>\n\n<\/div><\/div><\/div><\/div><\/div><div id=\"pg-9859-3\"  class=\"panel-grid panel-no-style\" ><div id=\"pgc-9859-3-0\"  class=\"panel-grid-cell\" ><div id=\"panel-9859-3-0-0\" class=\"so-panel widget widget_sow-editor panel-first-child panel-last-child\" data-index=\"8\" ><div class=\"panel-widget-style panel-widget-style-for-9859-3-0-0\" ><div\n\t\t\t\n\t\t\tclass=\"so-widget-sow-editor so-widget-sow-editor-base\"\n\t\t\t\n\t\t><h3 class=\"widget-title\">Family Shelter Service of Metropolitan Family Services DuPage transforma vidas ofreciendo ayuda y esperanza a los afectados por la violencia dom\u00e9stica.<\/h3>\n<div class=\"siteorigin-widget-tinymce textwidget\">\n\t<p>Desde 1976, Family Shelter Service ha respondido a la llamada de nuestra comunidad para ayudar a las v\u00edctimas de la violencia dom\u00e9stica a escapar del maltrato y reconstruir sus vidas. Trabajamos para eliminar barreras, proporcionar un acceso m\u00e1s r\u00e1pido, mayor y m\u00e1s equitativo a los servicios en un entorno en el que los supervivientes puedan sentirse apoyados y capacitados para desenredarse de su situaci\u00f3n. Juntos, estamos construyendo comunidad y proporcionando servicios vitales y programas cr\u00edticos para servir a nuestros clientes a medida que restauran su autoestima y sus vidas.<\/p>\n<table>\n<tbody>\n<tr>\n<td style=\"padding-left: 0px; padding-right: 10px;\">\n<p style=\"text-align: center;\"><a href=\"https:\/\/youtu.be\/H_0MVRMM8AA\"><strong>VISITA VIRTUAL<br \/>\nDE NUESTRO REFUGIO DE EMERGENCIA<\/strong><\/a><\/p>\n<\/td>\n<td style=\"padding-left: 10px; padding-right: 0px; text-align: center;\"><strong><br \/>\n<a href=\"https:\/\/www.metrofamily.org\/es\/fssofmfsd\/get-involved\/training\/\">INF\u00d3RMESE SOBRE NUESTRAS 40 HORAS<br \/>\nFORMACI\u00d3N SOBRE VIOLENCIA DOM\u00c9STICA<\/a><\/strong><\/td>\n<\/tr>\n<\/tbody>\n<\/table>\n<p><strong>NUESTRO IMPACTO<\/strong><\/p>\n<ul>\n<li>En el a\u00f1o fiscal 23, el SFS atendi\u00f3 a 1.513 supervivientes de la violencia dom\u00e9stica.<\/li>\n<li>En el a\u00f1o fiscal 23, los defensores judiciales del SFS tramitaron 1.627 \u00f3rdenes de protecci\u00f3n.<\/li>\n<li>En el a\u00f1o fiscal 23, los promotores comunitarios del SFS distribuyeron 18.925 tarjetas de asistencia telef\u00f3nica en la comunidad.<\/li>\n<li>En el a\u00f1o fiscal 23, los educadores de prevenci\u00f3n de FSS llegaron a 9.332 estudiantes de DuPage en la escuela media, la escuela secundaria y las universidades.<\/li>\n<\/ul>\n<\/div>\n<\/div><\/div><\/div><\/div><div id=\"pgc-9859-3-1\"  class=\"panel-grid-cell\" ><div id=\"panel-9859-3-1-0\" class=\"so-panel widget widget_sow-editor panel-first-child\" data-index=\"9\" ><div class=\"panel-widget-style panel-widget-style-for-9859-3-1-0\" ><div\n\t\t\t\n\t\t\tclass=\"so-widget-sow-editor so-widget-sow-editor-base\"\n\t\t\t\n\t\t>\n<div class=\"siteorigin-widget-tinymce textwidget\">\n\t<p><iframe loading=\"lazy\" width=\"490\" height=\"275\" frameborder=\"0\" src=\"https:\/\/www.youtube.com\/embed\/keloFMqYsaU\"><\/iframe><\/p>\n<\/div>\n<\/div><\/div><\/div><div id=\"panel-9859-3-1-1\" class=\"so-panel widget widget_sow-editor panel-last-child\" data-index=\"10\" ><div class=\"panel-widget-style panel-widget-style-for-9859-3-1-1\" ><div\n\t\t\t\n\t\t\tclass=\"so-widget-sow-editor so-widget-sow-editor-base\"\n\t\t\t\n\t\t>\n<div class=\"siteorigin-widget-tinymce textwidget\">\n\t<table style=\"height: 35px;\">\n<tbody>\n<tr>\n<td style=\"padding-left: 0px;\">\n<h4>\u00a0<a href=\"https:\/\/www.facebook.com\/FamilyShelterService\/\" target=\"_blank\" rel=\"noopener\"><img loading=\"lazy\" decoding=\"async\" class=\"alignnone wp-image-3596\" style=\"font-weight: 400;\" src=\"https:\/\/www.metrofamily.org\/wp-content\/uploads\/2017\/12\/facebook-icon-orange.png\" alt=\"\" width=\"18\" height=\"35\" \/>\u00a0\u00a0\u00a0\u00a0<\/a><\/h4>\n<\/td>\n<td style=\"padding-left: 10px;\"><a href=\"https:\/\/www.facebook.com\/FamilyShelterService\/\">\u00a1Sigue al SFS de MFSD en Facebook!<\/a><\/td>\n<\/tr>\n<\/tbody>\n<\/table>\n<table style=\"height: 35px;\">\n<tbody>\n<tr>\n<td style=\"padding-left: 0px;\">\n<h4><img loading=\"lazy\" decoding=\"async\" class=\"aligncenter wp-image-22653 size-full\" style=\"font-weight: 400;\" src=\"https:\/\/www.metrofamily.org\/wp-content\/uploads\/2024\/05\/Icon_Instagram.png\" alt=\"\" width=\"43\" height=\"41\" srcset=\"https:\/\/www.metrofamily.org\/wp-content\/uploads\/2024\/05\/Icon_Instagram.png 43w, https:\/\/www.metrofamily.org\/wp-content\/uploads\/2024\/05\/Icon_Instagram-13x12.png 13w\" sizes=\"auto, (max-width: 43px) 100vw, 43px\" \/><\/h4>\n<\/td>\n<td style=\"padding-left: 10px;\"><a href=\"https:\/\/www.instagram.com\/familyshelterservice\/\">\u00a1Sigue al SFS de MFSD en Instagram!<\/a><\/td>\n<\/tr>\n<\/tbody>\n<\/table>\n<p><strong>Servicio de Acogida Familiar de Metropolitan Family Services DuPage<\/strong><br \/>\n605 E Roosevelt Rd, Wheaton, Illinois 60187<br \/>\nTel: 630-221-8290 | Fax: 630-221-8098<\/p>\n<\/div>\n<\/div><\/div><\/div><\/div><\/div><div id=\"pg-9859-4\"  class=\"panel-grid panel-has-style\" ><div class=\"siteorigin-panels-stretch panel-row-style panel-row-style-for-9859-4\" data-stretch-type=\"full\" ><div id=\"pgc-9859-4-0\"  class=\"panel-grid-cell\" ><div id=\"panel-9859-4-0-0\" class=\"so-panel widget widget_sow-editor panel-first-child panel-last-child\" data-index=\"11\" ><div class=\"panel-widget-style panel-widget-style-for-9859-4-0-0\" ><div\n\t\t\t\n\t\t\tclass=\"so-widget-sow-editor so-widget-sow-editor-base\"\n\t\t\t\n\t\t>\n<div class=\"siteorigin-widget-tinymce textwidget\">\n\t<p style=\"text-align: center;\"><a href=\"https:\/\/www.facebook.com\/MetroFamChicago\" target=\"_blank\" rel=\"noopener\"><img loading=\"lazy\" decoding=\"async\" class=\"wp-image-3596 alignnone\" src=\"https:\/\/www.metrofamily.org\/wp-content\/uploads\/2017\/12\/facebook-icon-orange.png\" alt=\"\" width=\"17\" height=\"34\" \/><\/a>\u00a0 <a href=\"https:\/\/twitter.com\/metrofamchicago\/\" target=\"_blank\" rel=\"noopener\"><img loading=\"lazy\" decoding=\"async\" class=\"alignnone wp-image-3600\" src=\"https:\/\/www.metrofamily.org\/wp-content\/uploads\/2017\/12\/twitter-icon-orange.png\" alt=\"\" width=\"36\" height=\"30\" \/><\/a>\u00a0\u00a0<a href=\"https:\/\/www.instagram.com\/metrofamchicago\/\" target=\"_blank\" rel=\"noopener\"><img loading=\"lazy\" decoding=\"async\" class=\"alignnone wp-image-3598\" src=\"https:\/\/www.metrofamily.org\/wp-content\/uploads\/2017\/12\/Icon_Instagram.png\" alt=\"\" width=\"30\" height=\"28\" \/><\/a>\u00a0 <a href=\"https:\/\/www.metrofamily.org\/es\/news\/blog\/\"><img loading=\"lazy\" decoding=\"async\" class=\"alignnone wp-image-4158\" src=\"https:\/\/www.metrofamily.org\/wp-content\/uploads\/2018\/02\/blog_icon_orange.png\" alt=\"\" width=\"33\" height=\"33\" \/><\/a>\u00a0 <a href=\"https:\/\/www.linkedin.com\/company-beta\/30148\/\" target=\"_blank\" rel=\"noopener\"><img loading=\"lazy\" decoding=\"async\" class=\"alignnone wp-image-3599\" src=\"https:\/\/www.metrofamily.org\/wp-content\/uploads\/2017\/12\/linkedin-icon-orange.png\" alt=\"\" width=\"35\" height=\"33\" \/><\/a>\u00a0\u00a0<a href=\"https:\/\/www.youtube.com\/user\/MetroFamChicago\" target=\"_blank\" rel=\"noopener\"><img loading=\"lazy\" decoding=\"async\" class=\"alignnone wp-image-3601\" src=\"https:\/\/www.metrofamily.org\/wp-content\/uploads\/2017\/12\/youtube-icon-orange.png\" alt=\"\" width=\"27\" height=\"32\" \/><\/a> <a href=\"https:\/\/www.flickr.com\/photos\/metrofamchicago\/\" target=\"_blank\" rel=\"noopener\"><img loading=\"lazy\" decoding=\"async\" class=\"alignnone wp-image-3597\" src=\"https:\/\/www.metrofamily.org\/wp-content\/uploads\/2017\/12\/flickr-icon-orange.png\" alt=\"\" width=\"43\" height=\"24\" \/><\/a>\u00a0\u00a0<a href=\"mailto: info@metrofamily.org\" target=\"_blank\" rel=\"noopener\"><img loading=\"lazy\" decoding=\"async\" class=\"alignnone wp-image-4898\" src=\"https:\/\/www.metrofamily.org\/wp-content\/uploads\/2018\/02\/email_orange.png\" alt=\"\" width=\"43\" height=\"27\" \/><\/a><\/p>\n<\/div>\n<\/div><\/div><\/div><\/div><div id=\"pgc-9859-4-1\"  class=\"panel-grid-cell\" ><div id=\"panel-9859-4-1-0\" class=\"so-panel widget widget_search panel-first-child panel-last-child\" data-index=\"12\" ><form role=\"search\" method=\"get\" action=\"https:\/\/www.metrofamily.org\/es\/\" class=\"sidebar__search__form\" data-trp-original-action=\"https:\/\/www.metrofamily.org\/es\/\">\n\t<span class=\"screen-reader-text\"><\/span>\n\n\t<input type=\"search\" placeholder=\"Busca...\" value=\"\" name=\"s\" title=\"\" class=\"sidebar__search__text\" \/>\n\n\t<input type=\"submit\" value=\"Buscar\" class=\"sidebar__search__button\" \/>\n<input type=\"hidden\" name=\"trp-form-language\" value=\"es\"\/><\/form><\/div><\/div><\/div><\/div><\/div>","protected":false},"excerpt":{"rendered":"<p>\u00a1Todos los servicios de abuso dom\u00e9stico - incluyendo asistencia con \u00f3rdenes de protecci\u00f3n y nuestra l\u00ednea directa de violencia dom\u00e9stica - est\u00e1n abiertos y permanecer\u00e1n abiertos!  Por favor llame a la l\u00ednea directa 24\/7 al (630) 469-5650 para obtener ayuda.<\/p>","protected":false},"author":10,"featured_media":0,"parent":0,"menu_order":31,"comment_status":"closed","ping_status":"closed","template":"page-templates\/landing-page.php","meta":{"_acf_changed":false,"_seopress_robots_primary_cat":"","_seopress_titles_title":"","_seopress_titles_desc":"","_seopress_robots_index":"","footnotes":""},"class_list":["post-9859","page","type-page","status-publish","hentry"],"acf":[],"_links":{"self":[{"href":"https:\/\/www.metrofamily.org\/es\/wp-json\/wp\/v2\/pages\/9859","targetHints":{"allow":["GET"]}}],"collection":[{"href":"https:\/\/www.metrofamily.org\/es\/wp-json\/wp\/v2\/pages"}],"about":[{"href":"https:\/\/www.metrofamily.org\/es\/wp-json\/wp\/v2\/types\/page"}],"author":[{"embeddable":true,"href":"https:\/\/www.metrofamily.org\/es\/wp-json\/wp\/v2\/users\/10"}],"replies":[{"embeddable":true,"href":"https:\/\/www.metrofamily.org\/es\/wp-json\/wp\/v2\/comments?post=9859"}],"version-history":[{"count":10,"href":"https:\/\/www.metrofamily.org\/es\/wp-json\/wp\/v2\/pages\/9859\/revisions"}],"predecessor-version":[{"id":22920,"href":"https:\/\/www.metrofamily.org\/es\/wp-json\/wp\/v2\/pages\/9859\/revisions\/22920"}],"wp:attachment":[{"href":"https:\/\/www.metrofamily.org\/es\/wp-json\/wp\/v2\/media?parent=9859"}],"curies":[{"name":"wp","href":"https:\/\/api.w.org\/{rel}","templated":true}]}}