



{"id":7643,"date":"2018-07-09T11:55:08","date_gmt":"2018-07-09T16:55:08","guid":{"rendered":"https:\/\/metro-family.local\/?page_id=7643"},"modified":"2018-07-30T13:15:27","modified_gmt":"2018-07-30T18:15:27","slug":"partner_nuveen","status":"publish","type":"page","link":"https:\/\/www.metrofamily.org\/es\/get-involved\/our-partners\/partner_nuveen\/","title":{"rendered":"Nuestros socios"},"content":{"rendered":"<div id=\"pl-7643\"  class=\"panel-layout\" ><div id=\"pg-7643-0\"  class=\"panel-grid panel-no-style\" ><div id=\"pgc-7643-0-0\"  class=\"panel-grid-cell\" ><div id=\"panel-7643-0-0-0\" class=\"so-panel widget widget_sow-editor panel-first-child panel-last-child\" data-index=\"0\" ><div class=\"panel-widget-style panel-widget-style-for-7643-0-0-0\" ><div\n\t\t\t\n\t\t\tclass=\"so-widget-sow-editor so-widget-sow-editor-base\"\n\t\t\t\n\t\t>\n<div class=\"siteorigin-widget-tinymce textwidget\">\n\t<hr \/>\n<\/div>\n<\/div><\/div><\/div><\/div><\/div><div id=\"pg-7643-1\"  class=\"panel-grid panel-has-style\" ><div class=\"siteorigin-panels-stretch panel-row-style panel-row-style-for-7643-1\" data-stretch-type=\"full\" ><div id=\"pgc-7643-1-0\"  class=\"panel-grid-cell\" ><div id=\"panel-7643-1-0-0\" class=\"so-panel widget widget_sow-image panel-first-child\" data-index=\"1\" ><div\n\t\t\t\n\t\t\tclass=\"so-widget-sow-image so-widget-sow-image-default-8b5b6f678277-7643\"\n\t\t\t\n\t\t>\n<div class=\"sow-image-container\">\n\t\t\t<a href=\"https:\/\/www.nuveen.com\"\n\t\t\ttarget=\"_blank\" rel=\"noopener noreferrer\" \t\t>\n\t\t\t<img \n\tsrc=\"https:\/\/cdn-static.findly.com\/wp-content\/uploads\/sites\/323\/2018\/02\/rgb_nuveen_logo_2925x660.png\" title=\"Nuestros socios\" alt=\"\" \t\tclass=\"so-widget-image\"\/>\n\t\t\t<\/a><\/div>\n\n<\/div><\/div><div id=\"panel-7643-1-0-1\" class=\"so-panel widget widget_sow-editor panel-last-child\" data-index=\"2\" ><div class=\"panel-widget-style panel-widget-style-for-7643-1-0-1\" ><div\n\t\t\t\n\t\t\tclass=\"so-widget-sow-editor so-widget-sow-editor-base\"\n\t\t\t\n\t\t>\n<div class=\"siteorigin-widget-tinymce textwidget\">\n\t<p>Lorem ipsum dolor sit amet, consectetur adipiscing elit. Maecenas pharetra tellus a varius elementum. Maecenas vel justo vitae metus feugiat aliquam sed at tellus. Duis eu lacinia dui, sed dignissim mi. Mauris vitae nisi enim. Pellentesque habitant morbi tristique senectus et netus et malesuada fames ac turpis egestas. Sed vulputate ut metus non tempus. Curabitur eu semper purus. Suspendisse accumsan pharetra facilisis. In vel sapien tortor.<\/p>\n<blockquote>\n<p><span style=\"color: #999999;\"><strong>\"Suspendisse potenti. Nam porttitor scelerisque nibh gravida consequat. Morbi auctor dapibus nisi, et sagittis nulla suscipit id. Pellentesque at vehicula tortor. Phasellus faucibus purus non tellus molestie ornare. Praesent laoreet blandit nulla\".<\/strong><\/span><\/p>\n<\/blockquote>\n<p>&nbsp;<\/p>\n<\/div>\n<\/div><\/div><\/div><\/div><div id=\"pgc-7643-1-1\"  class=\"panel-grid-cell\" ><div id=\"panel-7643-1-1-0\" class=\"so-panel widget widget_sow-slider panel-first-child panel-last-child\" data-index=\"3\" ><div\n\t\t\t\n\t\t\tclass=\"so-widget-sow-slider so-widget-sow-slider-default-6d39609536fd-7643\"\n\t\t\t\n\t\t>\t\t\t\t<div class=\"sow-slider-base\" style=\"display: none\" tabindex=\"0\">\n\t\t\t\t\t<ul\n\t\t\t\t\tclass=\"sow-slider-images\"\n\t\t\t\t\tdata-settings=\"{&quot;pagination&quot;:true,&quot;speed&quot;:800,&quot;timeout&quot;:4000,&quot;paused&quot;:false,&quot;pause_on_hover&quot;:false,&quot;swipe&quot;:true,&quot;nav_always_show_desktop&quot;:&quot;&quot;,&quot;nav_always_show_mobile&quot;:&quot;&quot;,&quot;breakpoint&quot;:&quot;780px&quot;,&quot;unmute&quot;:false,&quot;anchor&quot;:null}\"\n\t\t\t\t\t\t\t\t\t\tdata-anchor-id=\"\"\n\t\t\t\t>\t\t<li class=\"sow-slider-image\" style=\"visibility: visible;\" >\n\t\t\t\t\t\t<div class=\"sow-slider-image-container\">\n\t\t\t\t<div class=\"sow-slider-image-wrapper\" style=\"max-width: 1199px\">\n\t\t\t\t\t\t\t\t\t\t<div class=\"sow-slider-image-foreground-wrapper\">\n\t\t\t\t\t\t<img loading=\"lazy\" decoding=\"async\" width=\"1199\" height=\"800\" src=\"https:\/\/www.metrofamily.org\/wp-content\/uploads\/2018\/07\/test_img_partners_Nuveen_01.jpg\" class=\"sow-slider-foreground-image\" alt=\"\" style=\"\" srcset=\"https:\/\/www.metrofamily.org\/wp-content\/uploads\/2018\/07\/test_img_partners_Nuveen_01.jpg 1199w, https:\/\/www.metrofamily.org\/wp-content\/uploads\/2018\/07\/test_img_partners_Nuveen_01-768x512.jpg 768w, https:\/\/www.metrofamily.org\/wp-content\/uploads\/2018\/07\/test_img_partners_Nuveen_01-272x182.jpg 272w\" sizes=\"auto, (max-width: 1199px) 100vw, 1199px\" \/>\t\t\t\t\t<\/div>\n\t\t\t\t\t\t\t\t\t<\/div>\n\t\t\t<\/div>\n\t\t\t\t\t<\/li>\n\t\t\t\t<li class=\"sow-slider-image\" style=\"visibility: hidden;\" >\n\t\t\t\t\t\t<div class=\"sow-slider-image-container\">\n\t\t\t\t<div class=\"sow-slider-image-wrapper\" style=\"max-width: 1024px\">\n\t\t\t\t\t\t\t\t\t\t<div class=\"sow-slider-image-foreground-wrapper\">\n\t\t\t\t\t\t<img loading=\"lazy\" decoding=\"async\" width=\"1024\" height=\"682\" src=\"https:\/\/www.metrofamily.org\/wp-content\/uploads\/2018\/07\/test_img_partners_Nuveen_02.jpg\" class=\"sow-slider-foreground-image\" alt=\"\" style=\"\" srcset=\"https:\/\/www.metrofamily.org\/wp-content\/uploads\/2018\/07\/test_img_partners_Nuveen_02.jpg 1024w, https:\/\/www.metrofamily.org\/wp-content\/uploads\/2018\/07\/test_img_partners_Nuveen_02-768x512.jpg 768w, https:\/\/www.metrofamily.org\/wp-content\/uploads\/2018\/07\/test_img_partners_Nuveen_02-272x182.jpg 272w\" sizes=\"auto, (max-width: 1024px) 100vw, 1024px\" \/>\t\t\t\t\t<\/div>\n\t\t\t\t\t\t\t\t\t<\/div>\n\t\t\t<\/div>\n\t\t\t\t\t<\/li>\n\t\t\t\t<li class=\"sow-slider-image\" style=\"visibility: hidden;\" >\n\t\t\t\t\t\t<div class=\"sow-slider-image-container\">\n\t\t\t\t<div class=\"sow-slider-image-wrapper\" style=\"max-width: 750px\">\n\t\t\t\t\t\t\t\t\t\t<div class=\"sow-slider-image-foreground-wrapper\">\n\t\t\t\t\t\t<img loading=\"lazy\" decoding=\"async\" width=\"750\" height=\"750\" src=\"https:\/\/www.metrofamily.org\/wp-content\/uploads\/2018\/07\/test_img_partners_Nuveen_03.jpg\" class=\"sow-slider-foreground-image\" alt=\"\" style=\"\" srcset=\"https:\/\/www.metrofamily.org\/wp-content\/uploads\/2018\/07\/test_img_partners_Nuveen_03.jpg 750w, https:\/\/www.metrofamily.org\/wp-content\/uploads\/2018\/07\/test_img_partners_Nuveen_03-150x150.jpg 150w\" sizes=\"auto, (max-width: 750px) 100vw, 750px\" \/>\t\t\t\t\t<\/div>\n\t\t\t\t\t\t\t\t\t<\/div>\n\t\t\t<\/div>\n\t\t\t\t\t<\/li>\n\t\t<\/ul>\t\t\t\t<ol class=\"sow-slider-pagination\">\n\t\t\t\t\t\t\t\t\t\t\t<li><a href=\"#\" data-goto=\"0\" aria-label=\"Display slide 1\"><\/a><\/li>\n\t\t\t\t\t\t\t\t\t\t\t<li><a href=\"#\" data-goto=\"1\" aria-label=\"Display slide 2\"><\/a><\/li>\n\t\t\t\t\t\t\t\t\t\t\t<li><a href=\"#\" data-goto=\"2\" aria-label=\"Display slide 3\"><\/a><\/li>\n\t\t\t\t\t\t\t\t\t<\/ol>\n\n\t\t\t\t<div class=\"sow-slide-nav sow-slide-nav-next\">\n\t\t\t\t\t<a href=\"#\" data-goto=\"next\" aria-label=\"Next slide\" data-action=\"next\">\n\t\t\t\t\t\t<em class=\"sow-sld-icon-thin-right\"><\/em>\n\t\t\t\t\t<\/a>\n\t\t\t\t<\/div>\n\n\t\t\t\t<div class=\"sow-slide-nav sow-slide-nav-prev\">\n\t\t\t\t\t<a href=\"#\" data-goto=\"previous\" aria-label=\"Previous slide\" data-action=\"prev\">\n\t\t\t\t\t\t<em class=\"sow-sld-icon-thin-left\"><\/em>\n\t\t\t\t\t<\/a>\n\t\t\t\t<\/div>\n\t\t\t\t<\/div><\/div><\/div><\/div><\/div><\/div><div id=\"pg-7643-2\"  class=\"panel-grid panel-no-style\" ><div id=\"pgc-7643-2-0\"  class=\"panel-grid-cell\" ><div id=\"panel-7643-2-0-0\" class=\"so-panel widget widget_sow-editor panel-first-child panel-last-child\" data-index=\"4\" ><div class=\"panel-widget-style panel-widget-style-for-7643-2-0-0\" ><div\n\t\t\t\n\t\t\tclass=\"so-widget-sow-editor so-widget-sow-editor-base\"\n\t\t\t\n\t\t>\n<div class=\"siteorigin-widget-tinymce textwidget\">\n\t<hr \/>\n<\/div>\n<\/div><\/div><\/div><\/div><\/div><div id=\"pg-7643-3\"  class=\"panel-grid panel-has-style\" ><div class=\"siteorigin-panels-stretch panel-row-style panel-row-style-for-7643-3\" data-stretch-type=\"full\" ><div id=\"pgc-7643-3-0\"  class=\"panel-grid-cell\" ><div id=\"panel-7643-3-0-0\" class=\"so-panel widget widget_sow-editor panel-first-child panel-last-child\" data-index=\"5\" ><div class=\"panel-widget-style panel-widget-style-for-7643-3-0-0\" ><div\n\t\t\t\n\t\t\tclass=\"so-widget-sow-editor so-widget-sow-editor-base\"\n\t\t\t\n\t\t>\n<div class=\"siteorigin-widget-tinymce textwidget\">\n\t<h2><span style=\"color: #ff9900;\">M\u00e1s informaci\u00f3n sobre nuestra asociaci\u00f3n<\/span><\/h2>\n<p>Metropolitan Family Services valora el impacto comunitario conjunto que las asociaciones pueden tener para las familias a las que servimos. Entendemos que cada relaci\u00f3n es \u00fanica e importante.  Perm\u00edtanos crear una relaci\u00f3n que apoye sus esfuerzos de responsabilidad corporativa.<\/p>\n<p>&nbsp;<\/p>\n<h4><a href=\"https:\/\/www.metrofamily.org\/es\/get-involved\/our-partners\/\"><strong>Ver nuestros socios destacados<\/strong><\/a><\/h4>\n<\/div>\n<\/div><\/div><\/div><\/div><div id=\"pgc-7643-3-1\"  class=\"panel-grid-cell panel-grid-cell-empty\" ><\/div><div id=\"pgc-7643-3-2\"  class=\"panel-grid-cell\" ><div id=\"panel-7643-3-2-0\" class=\"so-panel widget widget_sow-editor panel-first-child panel-last-child\" data-index=\"6\" ><div class=\"panel-widget-style panel-widget-style-for-7643-3-2-0\" ><div\n\t\t\t\n\t\t\tclass=\"so-widget-sow-editor so-widget-sow-editor-base\"\n\t\t\t\n\t\t>\n<div class=\"siteorigin-widget-tinymce textwidget\">\n\t<h2><span style=\"color: #ff9900;\">Para m\u00e1s informaci\u00f3n<br \/>\np\u00f3ngase en contacto con<\/span><\/h2>\n<p><strong>Barbara West Stone<\/strong><br \/>\nwestb@metrofamily.org<br \/>\n312-986-4028<\/p>\n<\/div>\n<\/div><\/div><\/div><\/div><\/div><\/div><div id=\"pg-7643-4\"  class=\"panel-grid panel-has-style\" ><div class=\"so-parallax siteorigin-panels-stretch panel-row-style panel-row-style-for-7643-4\" data-stretch-type=\"full\" ><img fetchpriority=\"high\" decoding=\"async\" width=\"2304\" height=\"1379\" src=\"https:\/\/www.metrofamily.org\/wp-content\/uploads\/2018\/06\/CAMP_Corporate_Sponsors_Partners_Journee_01.jpg\" class=\"attachment-full size-full\" alt=\"\" data-siteorigin-parallax=\"true\" loading=\"eager\" srcset=\"https:\/\/www.metrofamily.org\/wp-content\/uploads\/2018\/06\/CAMP_Corporate_Sponsors_Partners_Journee_01.jpg 2304w, https:\/\/www.metrofamily.org\/wp-content\/uploads\/2018\/06\/CAMP_Corporate_Sponsors_Partners_Journee_01-768x460.jpg 768w\" sizes=\"(max-width: 2304px) 100vw, 2304px\" \/><div id=\"pgc-7643-4-0\"  class=\"panel-grid-cell\" ><div id=\"panel-7643-4-0-0\" class=\"so-panel widget widget_sow-editor panel-first-child panel-last-child\" data-index=\"7\" ><div class=\"panel-widget-style panel-widget-style-for-7643-4-0-0\" ><div\n\t\t\t\n\t\t\tclass=\"so-widget-sow-editor so-widget-sow-editor-base\"\n\t\t\t\n\t\t>\n<div class=\"siteorigin-widget-tinymce textwidget\">\n\t<h2><span style=\"color: #ff9900;\">Liderazgo empresarial<\/span><\/h2>\n<p><span style=\"color: #ffffff;\">\u00danase a nuestra lista completa de empresas y fundaciones colaboradoras, tal y como figura en nuestro Informe Anual actual.<\/span><\/p>\n<p>&nbsp;<\/p>\n<\/div>\n<\/div><\/div><\/div><\/div><div id=\"pgc-7643-4-1\"  class=\"panel-grid-cell\" ><div id=\"panel-7643-4-1-0\" class=\"so-panel widget widget_sow-button panel-first-child panel-last-child\" data-index=\"8\" ><div class=\"panel-widget-style panel-widget-style-for-7643-4-1-0\" ><div\n\t\t\t\n\t\t\tclass=\"so-widget-sow-button so-widget-sow-button-flat-58668746e10c-7643\"\n\t\t\t\n\t\t><div class=\"ow-button-base ow-button-align-center\"\n>\n\t\t\t<a\n\t\t\t\t\thref=\"#\"\n\t\t\t\t\tclass=\"sowb-button ow-icon-placement-left ow-button-hover\" \t>\n\t\t<span>\n\t\t\t<span class=\"sow-icon-fontawesome sow-fas\" data-sow-icon=\"&#xf080;\"\n\t\tstyle=\"color: #dd9933\" \n\t\taria-hidden=\"true\"><\/span>\n\t\t\tInforme anual de 2017\t\t<\/span>\n\t\t\t<\/a>\n\t<\/div>\n<\/div><\/div><\/div><\/div><\/div><\/div><\/div>","protected":false},"excerpt":{"rendered":"<p>Lorem ipsum dolor sit amet, consectetur adipiscing elit. Maecenas pharetra tellus a varius elementum. Maecenas vel justo vitae metus feugiat aliquam sed at tellus. Duis eu lacinia dui, sed dignissim mi. Mauris vitae nisi enim. Pellentesque habitant morbi tristique senectus et netus et malesuada fames ac turpis egestas. Sed vulputate &hellip; <a href=\"https:\/\/www.metrofamily.org\/es\/get-involved\/our-partners\/partner_nuveen\/\">Contin\u00faa en<\/a><\/p>","protected":false},"author":9,"featured_media":0,"parent":7605,"menu_order":2,"comment_status":"closed","ping_status":"closed","template":"page-templates\/landing-page.php","meta":{"_acf_changed":false,"_seopress_robots_primary_cat":"","_seopress_titles_title":"","_seopress_titles_desc":"","_seopress_robots_index":"","footnotes":""},"class_list":["post-7643","page","type-page","status-publish","hentry"],"acf":[],"_links":{"self":[{"href":"https:\/\/www.metrofamily.org\/es\/wp-json\/wp\/v2\/pages\/7643","targetHints":{"allow":["GET"]}}],"collection":[{"href":"https:\/\/www.metrofamily.org\/es\/wp-json\/wp\/v2\/pages"}],"about":[{"href":"https:\/\/www.metrofamily.org\/es\/wp-json\/wp\/v2\/types\/page"}],"author":[{"embeddable":true,"href":"https:\/\/www.metrofamily.org\/es\/wp-json\/wp\/v2\/users\/9"}],"replies":[{"embeddable":true,"href":"https:\/\/www.metrofamily.org\/es\/wp-json\/wp\/v2\/comments?post=7643"}],"version-history":[{"count":1,"href":"https:\/\/www.metrofamily.org\/es\/wp-json\/wp\/v2\/pages\/7643\/revisions"}],"predecessor-version":[{"id":19872,"href":"https:\/\/www.metrofamily.org\/es\/wp-json\/wp\/v2\/pages\/7643\/revisions\/19872"}],"up":[{"embeddable":true,"href":"https:\/\/www.metrofamily.org\/es\/wp-json\/wp\/v2\/pages\/7605"}],"wp:attachment":[{"href":"https:\/\/www.metrofamily.org\/es\/wp-json\/wp\/v2\/media?parent=7643"}],"curies":[{"name":"wp","href":"https:\/\/api.w.org\/{rel}","templated":true}]}}