



{"id":6312,"date":"2018-04-30T17:47:12","date_gmt":"2018-04-30T22:47:27","guid":{"rendered":"https:\/\/metro-family.local\/community-centers-2\/"},"modified":"2025-09-30T11:18:44","modified_gmt":"2025-09-30T16:18:44","slug":"community-centers","status":"publish","type":"page","link":"https:\/\/www.metrofamily.org\/es\/community-centers\/","title":{"rendered":"Centros comunitarios"},"content":{"rendered":"<div id=\"pl-6312\"  class=\"panel-layout\" ><div id=\"pg-6312-0\"  class=\"panel-grid panel-no-style\" ><div id=\"pgc-6312-0-0\"  class=\"panel-grid-cell\" ><div id=\"panel-6312-0-0-0\" class=\"so-panel widget widget_sow-editor panel-first-child panel-last-child\" data-index=\"0\" ><div\n\t\t\t\n\t\t\tclass=\"so-widget-sow-editor so-widget-sow-editor-base\"\n\t\t\t\n\t\t>\n<div class=\"siteorigin-widget-tinymce textwidget\">\n\t<h1>CENTROS COMUNITARIOS<\/h1>\n<p>Metropolitan Family Services \"Mpowers\" familias para aprender, ganar, sanar y prosperar. En parte mentor, en parte motivador, en parte defensor, desde 1857 Metropolitan Family Services ha sido el motor del cambio que empodera a las familias del \u00e1rea de Chicago para alcanzar su mayor potencial e impactar positivamente en sus comunidades.<\/p>\n<p>With 10 community centers and multiple affiliate locations in Chicago, Evanston\/Skokie, DuPage County and the Southwest suburbs, we reach more than 205,500 families and individuals each year.<\/p>\n<p>Desde programas de aprendizaje temprano, extraescolares y de preparaci\u00f3n para el empleo hasta asesoramiento, servicios de salud conductual y asistencia jur\u00eddica, \u00a1estamos aqu\u00ed para ti!<\/p>\n<p>Para ponerse en contacto con nosotros, llame a nuestro n\u00famero principal: 312-986-4000 o llame a nuestros Centros a los n\u00fameros que aparecen a continuaci\u00f3n.<\/p>\n<\/div>\n<\/div><\/div><\/div><\/div><\/div>","protected":false},"excerpt":{"rendered":"<p>CENTROS COMUNITARIOS Metropolitan Family Services \"Mpowers\" familias para aprender, ganar, sanar y prosperar. En parte mentor, en parte motivador, en parte defensor, desde 1857 Metropolitan Family Services ha sido el motor del cambio que empodera a las familias del \u00e1rea de Chicago para alcanzar su mayor potencial e impactar positivamente en sus comunidades. Con 10 centros comunitarios y m\u00faltiples ... <a href=\"https:\/\/www.metrofamily.org\/es\/community-centers\/\">Contin\u00faa en<\/a><\/p>","protected":false},"author":1,"featured_media":0,"parent":0,"menu_order":30,"comment_status":"closed","ping_status":"closed","template":"page-templates\/community-centers.php","meta":{"_acf_changed":false,"_seopress_robots_primary_cat":"","_seopress_titles_title":"","_seopress_titles_desc":"","_seopress_robots_index":"","footnotes":""},"class_list":["post-6312","page","type-page","status-publish","hentry"],"acf":[],"_links":{"self":[{"href":"https:\/\/www.metrofamily.org\/es\/wp-json\/wp\/v2\/pages\/6312","targetHints":{"allow":["GET"]}}],"collection":[{"href":"https:\/\/www.metrofamily.org\/es\/wp-json\/wp\/v2\/pages"}],"about":[{"href":"https:\/\/www.metrofamily.org\/es\/wp-json\/wp\/v2\/types\/page"}],"author":[{"embeddable":true,"href":"https:\/\/www.metrofamily.org\/es\/wp-json\/wp\/v2\/users\/1"}],"replies":[{"embeddable":true,"href":"https:\/\/www.metrofamily.org\/es\/wp-json\/wp\/v2\/comments?post=6312"}],"version-history":[{"count":43,"href":"https:\/\/www.metrofamily.org\/es\/wp-json\/wp\/v2\/pages\/6312\/revisions"}],"predecessor-version":[{"id":24334,"href":"https:\/\/www.metrofamily.org\/es\/wp-json\/wp\/v2\/pages\/6312\/revisions\/24334"}],"wp:attachment":[{"href":"https:\/\/www.metrofamily.org\/es\/wp-json\/wp\/v2\/media?parent=6312"}],"curies":[{"name":"wp","href":"https:\/\/api.w.org\/{rel}","templated":true}]}}