



{"id":5562,"date":"2018-03-23T09:32:39","date_gmt":"2018-03-23T14:32:39","guid":{"rendered":"https:\/\/metro-family.local\/?page_id=5562"},"modified":"2018-06-01T14:57:57","modified_gmt":"2018-06-01T19:57:57","slug":"partner_cbre","status":"publish","type":"page","link":"https:\/\/www.metrofamily.org\/es\/get-involved\/our-partners\/partner_cbre\/","title":{"rendered":"Nuestros socios"},"content":{"rendered":"<div id=\"pl-5562\"  class=\"panel-layout\" ><div id=\"pg-5562-0\"  class=\"panel-grid panel-no-style\" ><div id=\"pgc-5562-0-0\"  class=\"panel-grid-cell panel-grid-cell-mobile-last\" ><div id=\"panel-5562-0-0-0\" class=\"so-panel widget widget_sow-editor panel-first-child panel-last-child\" data-index=\"0\" ><div class=\"panel-widget-style panel-widget-style-for-5562-0-0-0\" ><div\n\t\t\t\n\t\t\tclass=\"so-widget-sow-editor so-widget-sow-editor-base\"\n\t\t\t\n\t\t>\n<div class=\"siteorigin-widget-tinymce textwidget\">\n\t<h1>Gracias a las empresas y fundaciones que nos apoyan Draft<\/h1>\n<h2>Borrador de Texto - Nuestros socios Corporativos y Fundaciones son parte integral de nuestra misi\u00f3n de acabar con el hambre en el Condado de Cook. A trav\u00e9s de donaciones, subvenciones y apoyo financiero, donaciones en especie, voluntariado, patrocinio de eventos y regalos de contrapartida, nuestros socios proporcionan un apoyo crucial.<\/h2>\n<p>Aenean euismod laoreet pharetra. Nullam a viverra dui. Aliquam lorem magna, pharetra eget eros sed, tempus vulputate nisi. Maecenas efficitur sagittis purus vitae tincidunt. Cras ultricies purus a massa consectetur, bibendum feugiat magna sodales. Praesent in tempus odio.<\/p>\n<p><\/p>\n<hr \/>\n<\/div>\n<\/div><\/div><\/div><\/div><div id=\"pgc-5562-0-1\"  class=\"panel-grid-cell panel-grid-cell-empty\" ><\/div><\/div><div id=\"pg-5562-1\"  class=\"panel-grid panel-has-style\" ><div class=\"siteorigin-panels-stretch panel-row-style panel-row-style-for-5562-1\" data-stretch-type=\"full\" ><div id=\"pgc-5562-1-0\"  class=\"panel-grid-cell\" ><div id=\"panel-5562-1-0-0\" class=\"so-panel widget widget_sow-image panel-first-child\" data-index=\"1\" ><div\n\t\t\t\n\t\t\tclass=\"so-widget-sow-image so-widget-sow-image-default-8b5b6f678277-5562\"\n\t\t\t\n\t\t>\n<div class=\"sow-image-container\">\n\t\t\t<a href=\"https:\/\/www.cbre.us\/\"\n\t\t\ttarget=\"_blank\" rel=\"noopener noreferrer\" \t\t>\n\t\t\t<img \n\tsrc=\"https:\/\/upload.wikimedia.org\/wikipedia\/commons\/a\/a6\/CBRE_logo_white_BG.png\" title=\"Nuestros socios\" alt=\"\" \t\tclass=\"so-widget-image\"\/>\n\t\t\t<\/a><\/div>\n\n<\/div><\/div><div id=\"panel-5562-1-0-1\" class=\"so-panel widget widget_sow-editor panel-last-child\" data-index=\"2\" ><div class=\"panel-widget-style panel-widget-style-for-5562-1-0-1\" ><div\n\t\t\t\n\t\t\tclass=\"so-widget-sow-editor so-widget-sow-editor-base\"\n\t\t\t\n\t\t>\n<div class=\"siteorigin-widget-tinymce textwidget\">\n\t<p>Con una posici\u00f3n \u00fanica como banca de inversi\u00f3n inmobiliaria dentro de la empresa l\u00edder mundial en servicios inmobiliarios, combinamos experiencia en asesoramiento y distribuci\u00f3n a inversores institucionales globales con un conocimiento inmobiliario sin igual.<\/p>\n<p>Nuestro equipo directivo cuenta con m\u00e1s de 50 a\u00f1os de experiencia combinada en banca de inversi\u00f3n inmobiliaria, con un profundo conocimiento de los mercados de capitales, lo que le proporciona valiosos servicios de asesoramiento y captaci\u00f3n de capital.<\/p>\n<blockquote>\n<p><span style=\"color: #999999;\"><strong>\"Suspendisse potenti. Nam porttitor scelerisque nibh gravida consequat. Morbi auctor dapibus nisi, et sagittis nulla suscipit id. Pellentesque at vehicula tortor. Phasellus faucibus purus non tellus molestie ornare. Praesent laoreet blandit nulla\".<\/strong><\/span><\/p>\n<\/blockquote>\n<p>&nbsp;<\/p>\n<\/div>\n<\/div><\/div><\/div><\/div><div id=\"pgc-5562-1-1\"  class=\"panel-grid-cell\" ><div id=\"panel-5562-1-1-0\" class=\"so-panel widget widget_sow-slider panel-first-child panel-last-child\" data-index=\"3\" ><div\n\t\t\t\n\t\t\tclass=\"so-widget-sow-slider so-widget-sow-slider-default-6d39609536fd-5562\"\n\t\t\t\n\t\t>\t\t\t\t<div class=\"sow-slider-base\" style=\"display: none\" tabindex=\"0\">\n\t\t\t\t\t<ul\n\t\t\t\t\tclass=\"sow-slider-images\"\n\t\t\t\t\tdata-settings=\"{&quot;pagination&quot;:true,&quot;speed&quot;:800,&quot;timeout&quot;:4000,&quot;paused&quot;:false,&quot;pause_on_hover&quot;:false,&quot;swipe&quot;:true,&quot;nav_always_show_desktop&quot;:&quot;&quot;,&quot;nav_always_show_mobile&quot;:&quot;&quot;,&quot;breakpoint&quot;:&quot;780px&quot;,&quot;unmute&quot;:false,&quot;anchor&quot;:null}\"\n\t\t\t\t\t\t\t\t\t\tdata-anchor-id=\"\"\n\t\t\t\t>\t\t<li class=\"sow-slider-image\" style=\"visibility: visible;\" >\n\t\t\t\t\t\t\t\t<\/li>\n\t\t\t\t<li class=\"sow-slider-image\" style=\"visibility: hidden;\" >\n\t\t\t\t\t\t\t\t<\/li>\n\t\t<\/ul>\t\t\t\t<ol class=\"sow-slider-pagination\">\n\t\t\t\t\t\t\t\t\t\t\t<li><a href=\"#\" data-goto=\"0\" aria-label=\"Display slide 1\"><\/a><\/li>\n\t\t\t\t\t\t\t\t\t\t\t<li><a href=\"#\" data-goto=\"1\" aria-label=\"Display slide 2\"><\/a><\/li>\n\t\t\t\t\t\t\t\t\t<\/ol>\n\n\t\t\t\t<div class=\"sow-slide-nav sow-slide-nav-next\">\n\t\t\t\t\t<a href=\"#\" data-goto=\"next\" aria-label=\"Next slide\" data-action=\"next\">\n\t\t\t\t\t\t<em class=\"sow-sld-icon-thin-right\"><\/em>\n\t\t\t\t\t<\/a>\n\t\t\t\t<\/div>\n\n\t\t\t\t<div class=\"sow-slide-nav sow-slide-nav-prev\">\n\t\t\t\t\t<a href=\"#\" data-goto=\"previous\" aria-label=\"Previous slide\" data-action=\"prev\">\n\t\t\t\t\t\t<em class=\"sow-sld-icon-thin-left\"><\/em>\n\t\t\t\t\t<\/a>\n\t\t\t\t<\/div>\n\t\t\t\t<\/div><\/div><\/div><\/div><\/div><\/div><div id=\"pg-5562-2\"  class=\"panel-grid panel-no-style\" ><div id=\"pgc-5562-2-0\"  class=\"panel-grid-cell\" ><div id=\"panel-5562-2-0-0\" class=\"so-panel widget widget_sow-editor panel-first-child panel-last-child\" data-index=\"4\" ><div class=\"panel-widget-style panel-widget-style-for-5562-2-0-0\" ><div\n\t\t\t\n\t\t\tclass=\"so-widget-sow-editor so-widget-sow-editor-base\"\n\t\t\t\n\t\t>\n<div class=\"siteorigin-widget-tinymce textwidget\">\n\t<hr \/>\n<\/div>\n<\/div><\/div><\/div><\/div><\/div><div id=\"pg-5562-3\"  class=\"panel-grid panel-has-style\" ><div class=\"siteorigin-panels-stretch panel-row-style panel-row-style-for-5562-3\" data-stretch-type=\"full\" ><div id=\"pgc-5562-3-0\"  class=\"panel-grid-cell\" ><div id=\"panel-5562-3-0-0\" class=\"so-panel widget widget_sow-editor panel-first-child panel-last-child\" data-index=\"5\" ><div class=\"panel-widget-style panel-widget-style-for-5562-3-0-0\" ><div\n\t\t\t\n\t\t\tclass=\"so-widget-sow-editor so-widget-sow-editor-base\"\n\t\t\t\n\t\t>\n<div class=\"siteorigin-widget-tinymce textwidget\">\n\t<h2><span style=\"color: #ff9900;\">M\u00e1s informaci\u00f3n<\/span><\/h2>\n<p>Pellentesque posuere sapien nunc, eu imperdiet dolor aliquet a. Morbi quis ante risus. Etiam eu finibus nulla.<\/p>\n<p>Integer purus ipsum, pulvinar nec auctor vel, egestas ut sapien. Sed at diam est. Etiam id consequat velit. Proin eget augue sed lacus posuere hendrerit in quis ligula<\/p>\n<p><a href=\"https:\/\/www.metrofamily.org\/es\/get-involved\/our-partners\/\"><strong>Ver nuestros socios destacados<\/strong><\/a><\/p>\n<\/div>\n<\/div><\/div><\/div><\/div><div id=\"pgc-5562-3-1\"  class=\"panel-grid-cell panel-grid-cell-empty\" ><\/div><div id=\"pgc-5562-3-2\"  class=\"panel-grid-cell\" ><div id=\"panel-5562-3-2-0\" class=\"so-panel widget widget_sow-editor panel-first-child panel-last-child\" data-index=\"6\" ><div class=\"panel-widget-style panel-widget-style-for-5562-3-2-0\" ><div\n\t\t\t\n\t\t\tclass=\"so-widget-sow-editor so-widget-sow-editor-base\"\n\t\t\t\n\t\t>\n<div class=\"siteorigin-widget-tinymce textwidget\">\n\t<h2><span style=\"color: #ff9900;\">Contacto:<\/span><\/h2>\n<p>Nombre<br \/>\nName@metrofamily.org<br \/>\n773-999-9999<\/p>\n<\/div>\n<\/div><\/div><\/div><\/div><\/div><\/div><div id=\"pg-5562-4\"  class=\"panel-grid panel-has-style\" ><div class=\"so-parallax siteorigin-panels-stretch panel-row-style panel-row-style-for-5562-4\" data-stretch-type=\"full\" ><img fetchpriority=\"high\" decoding=\"async\" width=\"2304\" height=\"1379\" src=\"https:\/\/www.metrofamily.org\/wp-content\/uploads\/2018\/06\/CAMP_Corporate_Sponsors_Partners_Journee_01.jpg\" class=\"attachment-full size-full\" alt=\"\" data-siteorigin-parallax=\"true\" loading=\"eager\" srcset=\"https:\/\/www.metrofamily.org\/wp-content\/uploads\/2018\/06\/CAMP_Corporate_Sponsors_Partners_Journee_01.jpg 2304w, https:\/\/www.metrofamily.org\/wp-content\/uploads\/2018\/06\/CAMP_Corporate_Sponsors_Partners_Journee_01-768x460.jpg 768w\" sizes=\"(max-width: 2304px) 100vw, 2304px\" \/><div id=\"pgc-5562-4-0\"  class=\"panel-grid-cell\" ><div id=\"panel-5562-4-0-0\" class=\"so-panel widget widget_sow-editor panel-first-child panel-last-child\" data-index=\"7\" ><div class=\"panel-widget-style panel-widget-style-for-5562-4-0-0\" ><div\n\t\t\t\n\t\t\tclass=\"so-widget-sow-editor so-widget-sow-editor-base\"\n\t\t\t\n\t\t>\n<div class=\"siteorigin-widget-tinymce textwidget\">\n\t<h2><span style=\"color: #ff9900;\">Proyecto de texto - Lista completa de nuestros socios<\/span><\/h2>\n<p><span style=\"color: #ffffff;\">Pellentesque posuere sapien nunc, eu imperdiet dolor aliquet a. Morbi quis ante risus. Integer purus ipsum, pulvinar nec auctor vel. Etiam id consequat velit. Proin senectus et netus et malesuada fames ac turpis egestas.<\/span><\/p>\n<p>&nbsp;<\/p>\n<\/div>\n<\/div><\/div><\/div><\/div><div id=\"pgc-5562-4-1\"  class=\"panel-grid-cell\" ><div id=\"panel-5562-4-1-0\" class=\"so-panel widget widget_sow-button panel-first-child panel-last-child\" data-index=\"8\" ><div class=\"panel-widget-style panel-widget-style-for-5562-4-1-0\" ><div\n\t\t\t\n\t\t\tclass=\"so-widget-sow-button so-widget-sow-button-flat-58668746e10c-5562\"\n\t\t\t\n\t\t><div class=\"ow-button-base ow-button-align-center\"\n>\n\t\t\t<a\n\t\t\t\t\thref=\"#\"\n\t\t\t\t\tclass=\"sowb-button ow-icon-placement-left ow-button-hover\" \t>\n\t\t<span>\n\t\t\t<span class=\"sow-icon-fontawesome sow-fas\" data-sow-icon=\"&#xf080;\"\n\t\tstyle=\"color: #dd9933\" \n\t\taria-hidden=\"true\"><\/span>\n\t\t\tInforme anual de 2017\t\t<\/span>\n\t\t\t<\/a>\n\t<\/div>\n<\/div><\/div><\/div><\/div><\/div><\/div><\/div>","protected":false},"excerpt":{"rendered":"<p>Gracias a nuestros patrocinadores corporativos y de fundaciones Borrador Borrador Texto - Nuestros socios corporativos y de fundaciones son parte integral de nuestra misi\u00f3n de acabar con el hambre en el Condado de Cook. A trav\u00e9s de donaciones, subvenciones y apoyo financiero, donaciones en especie, voluntariado, patrocinio de eventos y regalos de contrapartida, nuestros socios proporcionan un apoyo crucial. Aenean euismod laoreet ... <a href=\"https:\/\/www.metrofamily.org\/es\/get-involved\/our-partners\/partner_cbre\/\">Contin\u00faa en<\/a><\/p>","protected":false},"author":9,"featured_media":0,"parent":7605,"menu_order":0,"comment_status":"closed","ping_status":"closed","template":"page-templates\/landing-page.php","meta":{"_acf_changed":false,"_seopress_robots_primary_cat":"","_seopress_titles_title":"","_seopress_titles_desc":"","_seopress_robots_index":"","footnotes":""},"class_list":["post-5562","page","type-page","status-publish","hentry"],"acf":[],"_links":{"self":[{"href":"https:\/\/www.metrofamily.org\/es\/wp-json\/wp\/v2\/pages\/5562","targetHints":{"allow":["GET"]}}],"collection":[{"href":"https:\/\/www.metrofamily.org\/es\/wp-json\/wp\/v2\/pages"}],"about":[{"href":"https:\/\/www.metrofamily.org\/es\/wp-json\/wp\/v2\/types\/page"}],"author":[{"embeddable":true,"href":"https:\/\/www.metrofamily.org\/es\/wp-json\/wp\/v2\/users\/9"}],"replies":[{"embeddable":true,"href":"https:\/\/www.metrofamily.org\/es\/wp-json\/wp\/v2\/comments?post=5562"}],"version-history":[{"count":1,"href":"https:\/\/www.metrofamily.org\/es\/wp-json\/wp\/v2\/pages\/5562\/revisions"}],"predecessor-version":[{"id":19870,"href":"https:\/\/www.metrofamily.org\/es\/wp-json\/wp\/v2\/pages\/5562\/revisions\/19870"}],"up":[{"embeddable":true,"href":"https:\/\/www.metrofamily.org\/es\/wp-json\/wp\/v2\/pages\/7605"}],"wp:attachment":[{"href":"https:\/\/www.metrofamily.org\/es\/wp-json\/wp\/v2\/media?parent=5562"}],"curies":[{"name":"wp","href":"https:\/\/api.w.org\/{rel}","templated":true}]}}